{"id":579,"date":"2025-06-10T14:54:45","date_gmt":"2025-06-10T14:54:45","guid":{"rendered":"https:\/\/project.greydsuite.de\/vidinext\/?page_id=37"},"modified":"2025-09-17T13:10:50","modified_gmt":"2025-09-17T11:10:50","slug":"home","status":"publish","type":"page","link":"https:\/\/project.greydsuite.de\/vidinext\/de\/home\/","title":{"rendered":"Home &#8211; Deutsch"},"content":{"rendered":"\n<div class=\"wp-block-group alignwide vidibg is-vertical is-content-justification-stretch is-layout-flex wp-container-core-group-is-layout-4053b126 wp-block-group-is-layout-flex\" style=\"padding-top:var(--wp--preset--spacing--large);padding-bottom:var(--wp--preset--spacing--large)\"  data-anim-action=\"fadeOutUp\" data-anim-event=\"onScroll\" data-anim-triggered=\"false\" data-anim-from=\"opacity: 1; transform: translateY(0px);\" data-anim-to=\"opacity: 0; transform: translateY(-100px);\" data-anim-id=\"anim-69f2533438bd1\" data-anim-start=\"0%\" data-anim-reverse=\"true\">\n<div class=\"wp-block-group has-global-padding is-content-justification-left is-layout-constrained wp-container-core-group-is-layout-7042ec6a wp-block-group-is-layout-constrained\">\n<h2 class=\"wp-block-heading has-x-large-font-size\" style=\"line-height:1.2\">Die <strong>Vidinext AG<\/strong> ist ein b\u00f6rsennotiertes Medien- und Technologieunternehmen. Wir verbinden <mark style=\"background-color:rgba(0, 0, 0, 0);color:#e71b44\" class=\"has-inline-color\">\u00fcber 25 Jahre<\/mark> Content-Expertise mit einem zukunftsorientierten Ansatz f\u00fcr digitale Innovationen.<\/h2>\n\n\n\n<p><mark style=\"background-color:#f5f5f5b3\" class=\"has-inline-color has-foreground-color\">Unser Gesch\u00e4ft basiert auf drei synergetischen S\u00e4ulen: von traditionellen Medien \u00fcber eigene Streaming-Plattformen bis hin zu Software der n\u00e4chsten Generation und KI-Innovationsprojekten.<\/mark><\/p>\n\n\n\n<div class=\"wp-block-greyd-buttons\">\n<a  href=\"https:\/\/project.greydsuite.de\/vidinext\/de\/ueber-uns\/\" title=\"\u00dcber uns\" class=\"button  gs_sPx0T4 \">Mehr \u00fcber uns<\/a>\n<\/div>\n<\/div>\n<\/div>\n\n\n\n<div class=\"wp-block-group alignfull invert-hover has-lightest-background-color has-background has-global-padding is-layout-constrained wp-block-group-is-layout-constrained\" style=\"margin-top:var(--wp--preset--spacing--medium);margin-bottom:var(--wp--preset--spacing--medium);padding-top:var(--wp--preset--spacing--x-large);padding-bottom:var(--wp--preset--spacing--x-large)\"  data-anim-action=\"filter\" data-anim-event=\"onScroll\" data-anim-triggered=\"false\" data-anim-from=\"filter: invert(0%);\" data-anim-to=\"filter: invert(90%);\" data-anim-id=\"anim-69f25334398dc\" data-anim-start=\"70%\" data-anim-reverse=\"true\">\n<h2 class=\"wp-block-heading alignwide anim-head\" style=\"font-size:clamp(2.762rem, 2.762rem + ((1vw - 0.2rem) * 3.198), 5.32rem);\"  data-anim-action=\"fadeInUp\" data-anim-event=\"onScroll\" data-anim-triggered=\"false\" data-anim-from=\"opacity: 0; transform: translateY(100px);\" data-anim-to=\"opacity: 1; transform: translateY(0px);\" data-anim-id=\"anim-69f2533438cb3\" data-anim-start=\"100%\" data-anim-reverse=\"true\">Wir erschaffen. Wir bauen auf. Wir entwickeln weiter.<\/h2>\n\n\n\n<div class=\"wp-block-group alignwide grid-max-3 is-layout-grid wp-container-core-group-is-layout-617c79bf wp-block-group-is-layout-grid\" style=\"padding-top:var(--wp--preset--spacing--x-large)\">\n<div class=\"wp-block-group is-vertical is-layout-flex wp-container-core-group-is-layout-4db520e9 wp-block-group-is-layout-flex\" style=\"padding-top:var(--wp--preset--spacing--tiny);padding-right:var(--wp--preset--spacing--tiny);padding-bottom:var(--wp--preset--spacing--tiny);padding-left:var(--wp--preset--spacing--tiny)\"  data-anim-action=\"fadeInUp\" data-anim-event=\"onScroll\" data-anim-triggered=\"false\" data-anim-from=\"opacity: 0; transform: translateY(100px);\" data-anim-to=\"opacity: 1; transform: translateY(0px);\" data-anim-id=\"anim-69f2533438e18\" data-anim-start=\"90%\" data-anim-reverse=\"true\">\n<div class=\"wp-block-group is-vertical is-layout-flex wp-container-core-group-is-layout-fe9cc265 wp-block-group-is-layout-flex\">\n<div class=\"wp-block-outermost-icon-block\"><div class=\"icon-container\" style=\"width:48px;transform:rotate(0deg) scaleX(1) scaleY(1)\"><svg xmlns=\"http:\/\/www.w3.org\/2000\/svg\" width=\"24\" height=\"24\" viewBox=\"0 0 24 24\"><g fill=\"none\" fill-rule=\"evenodd\"><path d=\"M24 0v24H0V0zM12.593 23.258l-.011.002-.071.035-.02.004-.014-.004-.071-.035c-.01-.004-.019-.001-.024.005l-.004.01-.017.428.005.02.01.013.104.074.015.004.012-.004.104-.074.012-.016.004-.017-.017-.427c-.002-.01-.009-.017-.017-.018m.265-.113-.013.002-.185.093-.01.01-.003.011.018.43.005.012.008.007.201.093c.012.004.023 0 .029-.008l.004-.014-.034-.614c-.003-.012-.01-.02-.02-.022m-.715.002a.023.023 0 0 0-.027.006l-.006.014-.034.614c0 .012.007.02.017.024l.015-.002.201-.093.01-.008.004-.011.017-.43-.003-.012-.01-.01z\"><\/path><path fill=\"#000000FF\" d=\"M16 19a1 1 0 0 1 .117 1.993L16 21H8a1 1 0 0 1-.117-1.993L8 19zm4-15a2 2 0 0 1 1.995 1.85L22 6v10a2 2 0 0 1-1.85 1.995L20 18H4a2 2 0 0 1-1.995-1.85L2 16V6a2 2 0 0 1 1.85-1.995L4 4zm0 2H4v10h16z\"><\/path><\/g><\/svg><\/div><\/div>\n\n\n\n<div class=\"wp-block-group is-layout-flow wp-block-group-is-layout-flow\">\n<h3 class=\"wp-block-heading has-base-font-size\">Traditionelle Medien<\/h3>\n\n\n\n<p class=\"has-tiny-font-size\">Lang etablierte Medien mit loyaler Kundschaft und bew\u00e4hrten Umsatzmodellen.<\/p>\n<\/div>\n<\/div>\n\n\n<\/div>\n\n\n\n<div class=\"wp-block-group is-vertical is-layout-flex wp-container-core-group-is-layout-4db520e9 wp-block-group-is-layout-flex\" style=\"padding-top:var(--wp--preset--spacing--tiny);padding-right:var(--wp--preset--spacing--tiny);padding-bottom:var(--wp--preset--spacing--tiny);padding-left:var(--wp--preset--spacing--tiny)\"  data-anim-action=\"fadeInUp\" data-anim-event=\"onScroll\" data-anim-triggered=\"false\" data-anim-from=\"opacity: 0; transform: translateY(100px);\" data-anim-to=\"opacity: 1; transform: translateY(0px);\" data-anim-id=\"anim-69f2533438f35\" data-anim-start=\"80%\" data-anim-reverse=\"true\">\n<div class=\"wp-block-group is-vertical is-layout-flex wp-container-core-group-is-layout-fe9cc265 wp-block-group-is-layout-flex\">\n<div class=\"wp-block-outermost-icon-block\"><div class=\"icon-container\" style=\"width:48px;transform:rotate(0deg) scaleX(1) scaleY(1)\"><svg xmlns=\"http:\/\/www.w3.org\/2000\/svg\" width=\"24\" height=\"24\" viewBox=\"0 0 24 24\"><g fill=\"none\" fill-rule=\"evenodd\"><path d=\"M24 0v24H0V0zM12.593 23.258l-.011.002-.071.035-.02.004-.014-.004-.071-.035c-.01-.004-.019-.001-.024.005l-.004.01-.017.428.005.02.01.013.104.074.015.004.012-.004.104-.074.012-.016.004-.017-.017-.427c-.002-.01-.009-.017-.017-.018m.265-.113-.013.002-.185.093-.01.01-.003.011.018.43.005.012.008.007.201.093c.012.004.023 0 .029-.008l.004-.014-.034-.614c-.003-.012-.01-.02-.02-.022m-.715.002a.023.023 0 0 0-.027.006l-.006.014-.034.614c0 .012.007.02.017.024l.015-.002.201-.093.01-.008.004-.011.017-.43-.003-.012-.01-.01z\"><\/path><path fill=\"#000000FF\" d=\"M12 2c5.523 0 10 4.477 10 10s-4.477 10-10 10S2 17.523 2 12 6.477 2 12 2m0 2a8 8 0 1 0 0 16 8 8 0 0 0 0-16M8.964 8.65a1.192 1.192 0 0 1 1.654-.953l.325.143.44.202.349.169.39.196.43.223.462.251.494.28.249.145.469.282.428.268.564.368.464.318.455.328.083.061c.635.477.64 1.429.001 1.909l-.283.209-.393.276-.496.335-.387.25-.43.27-.473.283c-.082.049-.166.098-.252.147l-.498.282-.466.253-.43.224-.39.196-.505.242-.4.181-.202.088a1.192 1.192 0 0 1-1.651-.954l-.054-.499-.03-.334-.042-.599-.024-.46-.018-.506-.01-.549v-.579l.01-.548.018-.506.024-.46.042-.599.071-.73zm1.884 1.355-.027.467-.021.525-.012.58v.618l.012.58.02.525.028.467.416-.21.226-.118.488-.262.53-.299.522-.309.242-.148.444-.28.39-.255-.392-.257-.444-.281-.496-.3a29.503 29.503 0 0 0-.793-.453l-.488-.262-.442-.227z\"><\/path><\/g><\/svg><\/div><\/div>\n\n\n\n<div class=\"wp-block-group is-layout-flow wp-block-group-is-layout-flow\">\n<h3 class=\"wp-block-heading has-base-font-size\">TV-Apps &amp; Media-Plattformen<\/h3>\n\n\n\n<p class=\"has-tiny-font-size\">White-Label-Streaming-L\u00f6sungen f\u00fcr Betreiber mit hohem Engagement, intelligenter Monetarisierung und markensicheren Steuerungen.<\/p>\n<\/div>\n<\/div>\n\n\n<\/div>\n\n\n\n<div class=\"wp-block-group is-vertical is-layout-flex wp-container-core-group-is-layout-9ec666ef wp-block-group-is-layout-flex\" style=\"padding-top:var(--wp--preset--spacing--tiny);padding-right:var(--wp--preset--spacing--tiny);padding-bottom:var(--wp--preset--spacing--tiny);padding-left:var(--wp--preset--spacing--tiny)\"  data-anim-action=\"fadeInUp\" data-anim-event=\"onScroll\" data-anim-triggered=\"false\" data-anim-from=\"opacity: 0; transform: translateY(100px);\" data-anim-to=\"opacity: 1; transform: translateY(0px);\" data-anim-id=\"anim-69f2533439846\" data-anim-start=\"70%\" data-anim-reverse=\"true\">\n<div class=\"wp-block-group is-vertical is-layout-flex wp-container-core-group-is-layout-fe9cc265 wp-block-group-is-layout-flex\">\n<div class=\"wp-block-outermost-icon-block\"><div class=\"icon-container\" style=\"width:48px;transform:rotate(0deg) scaleX(1) scaleY(1)\"><svg xmlns=\"http:\/\/www.w3.org\/2000\/svg\" width=\"24\" height=\"24\" viewBox=\"0 0 24 24\"><g fill=\"none\"><path d=\"M24 0v24H0V0zM12.594 23.258l-.012.002-.071.035-.02.004-.014-.004-.071-.036c-.01-.003-.019 0-.024.006l-.004.01-.017.428.005.02.01.013.104.074.015.004.012-.004.104-.074.012-.016.004-.017-.017-.427c-.002-.01-.009-.017-.016-.018m.264-.113-.014.002-.184.093-.01.01-.003.011.018.43.005.012.008.008.201.092c.012.004.023 0 .029-.008l.004-.014-.034-.614c-.003-.012-.01-.02-.02-.022m-.715.002a.023.023 0 0 0-.027.006l-.006.014-.034.614c0 .012.007.02.017.024l.015-.002.201-.093.01-.008.003-.011.018-.43-.003-.012-.01-.01z\"><\/path><path fill=\"#000000FF\" d=\"M9.107 5.448c.598-1.75 3.016-1.803 3.725-.159l.06.16.807 2.36a4 4 0 0 0 2.276 2.411l.217.081 2.36.806c1.75.598 1.803 3.016.16 3.725l-.16.06-2.36.807a4 4 0 0 0-2.412 2.276l-.081.216-.806 2.361c-.598 1.75-3.016 1.803-3.724.16l-.062-.16-.806-2.36a4 4 0 0 0-2.276-2.412l-.216-.081-2.36-.806c-1.751-.598-1.804-3.016-.16-3.724l.16-.062 2.36-.806A4 4 0 0 0 8.22 8.025l.081-.216zM11 6.094l-.806 2.36a6 6 0 0 1-3.49 3.649l-.25.091-2.36.806 2.36.806a6 6 0 0 1 3.649 3.49l.091.25.806 2.36.806-2.36a6 6 0 0 1 3.49-3.649l.25-.09 2.36-.807-2.36-.806a6 6 0 0 1-3.649-3.49l-.09-.25zM19 2a1 1 0 0 1 .898.56l.048.117.35 1.026 1.027.35a1 1 0 0 1 .118 1.845l-.118.048-1.026.35-.35 1.027a1 1 0 0 1-1.845.117l-.048-.117-.35-1.026-1.027-.35a1 1 0 0 1-.118-1.845l.118-.048 1.026-.35.35-1.027A1 1 0 0 1 19 2\"><\/path><\/g><\/svg><\/div><\/div>\n\n\n\n<div class=\"wp-block-group is-layout-flow wp-block-group-is-layout-flow\">\n<h2 class=\"wp-block-heading has-base-font-size\">Software &amp; KI-Innovationsprojekte<\/h2>\n\n\n\n<p class=\"has-tiny-font-size\">Ein dynamisches Innovationslabor f\u00fcr skalierbare B2B- und B2C-Anwendungen.<\/p>\n<\/div>\n<\/div>\n\n\n<\/div>\n<\/div>\n<\/div>\n\n\n\n<div class=\"wp-block-group alignwide vidibg is-vertical is-content-justification-stretch is-layout-flex wp-container-core-group-is-layout-4053b126 wp-block-group-is-layout-flex\" style=\"padding-top:var(--wp--preset--spacing--large);padding-bottom:var(--wp--preset--spacing--large)\"  data-anim-action=\"fadeInUp\" data-anim-event=\"onScroll\" data-anim-triggered=\"false\" data-anim-from=\"opacity: 0; transform: translateY(100px);\" data-anim-to=\"opacity: 1; transform: translateY(0px);\" data-anim-id=\"anim-69f253343a8a7\" data-anim-start=\"100%\" data-anim-reverse=\"true\">\n<div class=\"wp-block-group has-global-padding is-content-justification-left is-layout-constrained wp-container-core-group-is-layout-7042ec6a wp-block-group-is-layout-constrained\"  data-anim-action=\"fadeOutUp\" data-anim-event=\"onScroll\" data-anim-triggered=\"false\" data-anim-from=\"opacity: 1; transform: translateY(0px);\" data-anim-to=\"opacity: 0; transform: translateY(-100px);\" data-anim-id=\"anim-69f253343a854\" data-anim-start=\"0%\" data-anim-reverse=\"true\">\n<div class=\"wp-block-group is-vertical is-layout-flex wp-container-core-group-is-layout-fe9cc265 wp-block-group-is-layout-flex\">\n<p class=\"has-primary-color has-text-color has-link-color has-poppins-semibold-font-family wp-elements-84530f172c7054e47e2bdf9074b59775\">Ein produktiver Kreislauf der Innovation<\/p>\n\n\n\n<h2 class=\"wp-block-heading has-x-large-font-size\" style=\"line-height:1.2\">Vidinext AG \u2013 \u00fcber 25 Jahre Content-Expertise, kombiniert mit einem innovativen Blick in die digitale Zukunft.<\/h2>\n<\/div>\n\n\n\n<div class=\"wp-block-group is-vertical is-layout-flex wp-container-core-group-is-layout-7b9189e0 wp-block-group-is-layout-flex gs_cemx9y group_wrap\" style=\"padding-top:0;padding-right:0;padding-bottom:0;padding-left:0\">\n<p><mark style=\"background-color:#f5f5f5b3;color:#1c1c1c\" class=\"has-inline-color\">Bei Vidinext existieren unsere Gesch\u00e4ftsbereiche nicht nur nebeneinander \u2013 sie erg\u00e4nzen und verst\u00e4rken einander.<\/mark><\/p>\n\n\n\n<p><mark style=\"background-color:#f5f5f5b3;color:#1c1c1c\" class=\"has-inline-color\">Unsere traditionellen Medien liefern wertvolle Zielgruppen-Insights, Content-Expertise und erprobte Strategien zur Umsatzsteigerung, die unsere Streaming-Plattformen und unser digitales Innovationszentrum pr\u00e4gen. Umgekehrt treiben unsere Entwicklungs- und KI-Teams Innovationen im Streaming voran mit optimierten Nutzererlebnissen, pr\u00e4ziseren Empfehlungen und smarter Content-Kuration.<\/mark><\/p>\n\n\n\n<p><mark style=\"background-color:#f5f5f5b3;color:#1c1c1c\" class=\"has-inline-color\">Dieser Innovationskreislauf reicht weiter: KI-generierte Inhalte und Machine-Learning-Tools aus unserem digitalen Innovationszentrum sollen k\u00fcnftig auch unsere traditionellen Medienangebote modernisieren und bereichern.<\/mark><\/p>\n\n\n\n<p><mark style=\"background-color:#f5f5f5b3;color:#1c1c1c\" class=\"has-inline-color\">So entsteht ein selbstverst\u00e4rkender Wachstumsmotor, ein echter positiver Kreislauf, der unsere Transformation nachhaltig vorantreibt.<\/mark><\/p>\n<\/div>\n<\/div>\n<\/div>\n\n\n\n<div class=\"wp-block-group alignfull is-layout-flow wp-block-group-is-layout-flow\" style=\"padding-top:var(--wp--preset--spacing--medium);padding-bottom:var(--wp--preset--spacing--x-large)\"  data-anim-action=\"fadeInUp\" data-anim-event=\"onScroll\" data-anim-triggered=\"false\" data-anim-from=\"opacity: 0; transform: translateY(100px);\" data-anim-to=\"opacity: 1; transform: translateY(0px);\" data-anim-id=\"anim-69f253343aac2\" data-anim-start=\"100%\" data-anim-reverse=\"true\">\n<div class=\"wp-block-group grid-max-8 is-layout-grid wp-container-core-group-is-layout-26923b4b wp-block-group-is-layout-grid\">\n<div class=\"wp-block-group respect-grid-left wp-container-content-d8344436 is-vertical is-layout-flex wp-container-core-group-is-layout-fe9cc265 wp-block-group-is-layout-flex\">\n<div class=\"wp-block-group has-background-background-color has-background has-tiny-font-size has-global-padding is-layout-constrained wp-container-core-group-is-layout-8c9698b2 wp-block-group-is-layout-constrained\" style=\"padding-top:4px;padding-right:4px;padding-bottom:4px;padding-left:4px\">\n<p class=\"has-poppins-semibold-font-family\">Charles Prast<\/p>\n\n\n\n<p>CEO Vidinext AG<\/p>\n<\/div>\n<\/div>\n\n\n\n<div class=\"wp-block-group has-lightest-background-color has-background wp-container-content-44c2788f is-layout-flow wp-container-core-group-is-layout-67a28def wp-block-group-is-layout-flow\" style=\"min-height:60vh\">\n<div class=\"wp-block-group respect-grid-right is-layout-flow wp-block-group-is-layout-flow gs_MlnK5I group_wrap\">\n<p class=\"has-poppins-semibold-font-family has-large-font-size\" style=\"line-height:1.3\">\u201eBei Vidinext fokussieren wir uns auf nachhaltiges, technologie\u00adgetriebenes Wachstum, das langfristigen Shareholder-Value schafft. Durch die Verbindung von Innovation und operativer Kompetenz entwickeln wir L\u00f6sungen, die unseren Partnern dienen, unsere Teams st\u00e4rken und das Unternehmen f\u00fcr nachhaltigen Erfolg in einer sich wandelnden Medienlandschaft positionieren.\u201c<\/p>\n<\/div>\n<\/div>\n<\/div>\n<\/div>\n","protected":false},"excerpt":{"rendered":"<p>Die Vidinext AG ist ein b\u00f6rsennotiertes Medien- und Technologieunternehmen. Wir verbinden \u00fcber 25 Jahre Content-Expertise mit einem zukunftsorientierten Ansatz f\u00fcr digitale Innovationen. Unser Gesch\u00e4ft basiert auf drei synergetischen S\u00e4ulen: von traditionellen Medien \u00fcber eigene Streaming-Plattformen bis hin zu Software der n\u00e4chsten Generation und KI-Innovationsprojekten. Wir erschaffen. Wir bauen auf. Wir entwickeln weiter. Traditionelle Medien Lang [&hellip;]<\/p>\n","protected":false},"author":2,"featured_media":0,"parent":0,"menu_order":0,"comment_status":"closed","ping_status":"closed","template":"","meta":{"greyd_block_editor_preview":[],"footnotes":""},"class_list":["post-579","page","type-page","status-publish","hentry"],"lang":"de","translations":{"de":579,"en":37},"pll_sync_post":[],"_links":{"self":[{"href":"https:\/\/project.greydsuite.de\/vidinext\/wp-json\/wp\/v2\/pages\/579","targetHints":{"allow":["GET"]}}],"collection":[{"href":"https:\/\/project.greydsuite.de\/vidinext\/wp-json\/wp\/v2\/pages"}],"about":[{"href":"https:\/\/project.greydsuite.de\/vidinext\/wp-json\/wp\/v2\/types\/page"}],"author":[{"embeddable":true,"href":"https:\/\/project.greydsuite.de\/vidinext\/wp-json\/wp\/v2\/users\/2"}],"replies":[{"embeddable":true,"href":"https:\/\/project.greydsuite.de\/vidinext\/wp-json\/wp\/v2\/comments?post=579"}],"version-history":[{"count":4,"href":"https:\/\/project.greydsuite.de\/vidinext\/wp-json\/wp\/v2\/pages\/579\/revisions"}],"predecessor-version":[{"id":759,"href":"https:\/\/project.greydsuite.de\/vidinext\/wp-json\/wp\/v2\/pages\/579\/revisions\/759"}],"wp:attachment":[{"href":"https:\/\/project.greydsuite.de\/vidinext\/wp-json\/wp\/v2\/media?parent=579"}],"curies":[{"name":"wp","href":"https:\/\/api.w.org\/{rel}","templated":true}]}}