{"id":667,"date":"2025-07-04T12:18:07","date_gmt":"2025-07-04T10:18:07","guid":{"rendered":"https:\/\/project.greydsuite.de\/vidinext\/?page_id=667"},"modified":"2025-09-17T13:19:53","modified_gmt":"2025-09-17T11:19:53","slug":"ueber-uns","status":"publish","type":"page","link":"https:\/\/project.greydsuite.de\/vidinext\/de\/ueber-uns\/","title":{"rendered":"\u00dcber uns"},"content":{"rendered":"\n<div class=\"wp-block-group alignfull is-layout-flow wp-block-group-is-layout-flow\" style=\"padding-top:var(--wp--preset--spacing--large);padding-bottom:var(--wp--preset--spacing--large)\"  data-anim-action=\"fadeInUp\" data-anim-event=\"load\" data-anim-triggered=\"false\" data-anim-from=\"opacity: 0; transform: translateY(100px);\" data-anim-to=\"opacity: 1; transform: translateY(0px);\" data-anim-id=\"anim-69f25334359dc\" data-anim-reverse=\"false\" data-anim-time=\"500\">\n<div class=\"wp-block-group grid-max-8 is-layout-grid wp-container-core-group-is-layout-26923b4b wp-block-group-is-layout-grid\">\n<div class=\"wp-block-group respect-grid-left wp-container-content-d8344436 is-vertical is-layout-flex wp-container-core-group-is-layout-fe9cc265 wp-block-group-is-layout-flex\">\n<div class=\"wp-block-group has-background-background-color has-background has-tiny-font-size has-global-padding is-layout-constrained wp-container-core-group-is-layout-8d29954d wp-block-group-is-layout-constrained\" style=\"margin-bottom:var(--wp--preset--spacing--large);padding-top:4px;padding-right:4px;padding-bottom:2px;padding-left:4px\">\n<p class=\"has-poppins-semibold-font-family has-base-font-size\"><span data-tag=\"title\" data-params=\"\" class=\"is-tag\">Beitragstitel<\/span><\/p>\n<\/div>\n<\/div>\n\n\n\n<div class=\"wp-block-group has-lightest-background-color has-background wp-container-content-44c2788f is-layout-flow wp-container-core-group-is-layout-309f0a2a wp-block-group-is-layout-flow\" style=\"min-height:50vh;padding-bottom:var(--wp--preset--spacing--large)\">\n<div class=\"wp-block-group respect-grid-right is-layout-flow wp-container-core-group-is-layout-8a92f19b wp-block-group-is-layout-flow gs_Z3U09c group_wrap\">\n<h1 class=\"wp-block-heading has-x-large-font-size\">Die <strong>Vidinext AG<\/strong> ist ein internationales b\u00f6rsennotiertes Medienunternehmen.<\/h1>\n\n\n\n<div class=\"wp-block-group is-layout-flow wp-block-group-is-layout-flow gs_Rw1WN3 group_wrap\">\n<p class=\"has-base-font-size\">Wir sind spezialisiert auf gebrandete OTT-On-Demand-Plattformen, Broadcast-TV-Kan\u00e4le, Filmlizenzen und Audiotex-Services. Zu unseren Kunden z\u00e4hlen die gr\u00f6\u00dften Pay-TV-Anbieter weltweit.<\/p>\n\n\n\n<p class=\"has-base-font-size\">Neben unseren Kerngesch\u00e4ften investieren wir in Projekte, in die wir unsere Erfahrung und unser Kapital einbringen, um nachhaltigen Mehrwert zu schaffen.<\/p>\n<\/div>\n<\/div>\n<\/div>\n<\/div>\n<\/div>\n\n\n\n<div class=\"wp-block-group alignfull invert-hover has-lightest-background-color has-background has-global-padding is-layout-constrained wp-block-group-is-layout-constrained\" style=\"margin-top:var(--wp--preset--spacing--medium);margin-bottom:var(--wp--preset--spacing--medium);padding-top:var(--wp--preset--spacing--x-large);padding-bottom:var(--wp--preset--spacing--x-large)\"  data-anim-action=\"filter\" data-anim-event=\"onScroll\" data-anim-triggered=\"false\" data-anim-from=\"filter: invert(0%);\" data-anim-to=\"filter: invert(90%);\" data-anim-id=\"anim-69f2533435e4a\" data-anim-start=\"70%\" data-anim-reverse=\"true\">\n<div class=\"wp-block-group alignwide is-layout-flow wp-block-group-is-layout-flow\">\n<h2 class=\"wp-block-heading alignwide anim-head has-large-font-size gs_sJDDTq\"  data-anim-action=\"fadeInUp\" data-anim-event=\"onScroll\" data-anim-triggered=\"false\" data-anim-from=\"opacity: 0; transform: translateY(100px);\" data-anim-to=\"opacity: 1; transform: translateY(0px);\" data-anim-start=\"100%\" data-anim-reverse=\"true\">Premium-Inhalte, Plattformen &amp; Technologie<\/h2>\n<\/div>\n\n\n\n<div class=\"wp-block-group alignwide grid-max-3 is-layout-grid wp-container-core-group-is-layout-617c79bf wp-block-group-is-layout-grid\" style=\"padding-top:var(--wp--preset--spacing--x-large)\">\n<div class=\"wp-block-group is-vertical is-layout-flex wp-container-core-group-is-layout-4db520e9 wp-block-group-is-layout-flex\" style=\"padding-top:var(--wp--preset--spacing--tiny);padding-right:var(--wp--preset--spacing--tiny);padding-bottom:var(--wp--preset--spacing--tiny);padding-left:var(--wp--preset--spacing--tiny)\"  data-anim-action=\"fadeInUp\" data-anim-event=\"onScroll\" data-anim-triggered=\"false\" data-anim-from=\"opacity: 0; transform: translateY(100px);\" data-anim-to=\"opacity: 1; transform: translateY(0px);\" data-anim-id=\"anim-69f2533435be8\" data-anim-start=\"90%\" data-anim-reverse=\"true\">\n<div class=\"wp-block-group is-vertical is-layout-flex wp-container-core-group-is-layout-fe9cc265 wp-block-group-is-layout-flex\">\n<div class=\"wp-block-outermost-icon-block\"><div class=\"icon-container\" style=\"width:48px;transform:rotate(0deg) scaleX(1) scaleY(1)\"><svg xmlns=\"http:\/\/www.w3.org\/2000\/svg\" width=\"24\" height=\"24\" viewBox=\"0 0 24 24\"><g fill=\"none\" fill-rule=\"evenodd\"><path d=\"M24 0v24H0V0zM12.593 23.258l-.011.002-.071.035-.02.004-.014-.004-.071-.035c-.01-.004-.019-.001-.024.005l-.004.01-.017.428.005.02.01.013.104.074.015.004.012-.004.104-.074.012-.016.004-.017-.017-.427c-.002-.01-.009-.017-.017-.018m.265-.113-.013.002-.185.093-.01.01-.003.011.018.43.005.012.008.007.201.093c.012.004.023 0 .029-.008l.004-.014-.034-.614c-.003-.012-.01-.02-.02-.022m-.715.002a.023.023 0 0 0-.027.006l-.006.014-.034.614c0 .012.007.02.017.024l.015-.002.201-.093.01-.008.004-.011.017-.43-.003-.012-.01-.01z\"><\/path><path fill=\"#000000FF\" d=\"M16 19a1 1 0 0 1 .117 1.993L16 21H8a1 1 0 0 1-.117-1.993L8 19zm4-15a2 2 0 0 1 1.995 1.85L22 6v10a2 2 0 0 1-1.85 1.995L20 18H4a2 2 0 0 1-1.995-1.85L2 16V6a2 2 0 0 1 1.85-1.995L4 4zm0 2H4v10h16z\"><\/path><\/g><\/svg><\/div><\/div>\n\n\n\n<div class=\"wp-block-group is-layout-flow wp-block-group-is-layout-flow\">\n<h3 class=\"wp-block-heading has-base-font-size\">Premium Kan\u00e4le<\/h3>\n\n\n\n<p class=\"has-tiny-font-size\">Vidinext startete <strong>Beate Uhse TV<\/strong> im Jahr 2001, gefolgt von <strong>Lust Pur<\/strong> 2009. Beide Kan\u00e4le sind in Deutschland lizenziert und erreichen Millionen Haushalte \u00fcber Partner wie Sky Deutschland, Deutsche Telekom, Vodafone und Unitymedia. On-Demand-Dienste erg\u00e4nzen das Angebot und stellen Hunderte kuratierte Titel f\u00fcr maximale Auswahl und Zuschauerbindung bereit.<\/p>\n<\/div>\n<\/div>\n<\/div>\n\n\n\n<div class=\"wp-block-group is-vertical is-layout-flex wp-container-core-group-is-layout-4db520e9 wp-block-group-is-layout-flex\" style=\"padding-top:var(--wp--preset--spacing--tiny);padding-right:var(--wp--preset--spacing--tiny);padding-bottom:var(--wp--preset--spacing--tiny);padding-left:var(--wp--preset--spacing--tiny)\"  data-anim-action=\"fadeInUp\" data-anim-event=\"onScroll\" data-anim-triggered=\"false\" data-anim-from=\"opacity: 0; transform: translateY(100px);\" data-anim-to=\"opacity: 1; transform: translateY(0px);\" data-anim-id=\"anim-69f2533435cda\" data-anim-start=\"80%\" data-anim-reverse=\"true\">\n<div class=\"wp-block-group is-vertical is-layout-flex wp-container-core-group-is-layout-fe9cc265 wp-block-group-is-layout-flex\">\n<div class=\"wp-block-outermost-icon-block\"><div class=\"icon-container\" style=\"width:48px;transform:rotate(0deg) scaleX(1) scaleY(1)\"><svg xmlns=\"http:\/\/www.w3.org\/2000\/svg\" width=\"24\" height=\"24\" viewBox=\"0 0 24 24\"><g fill=\"none\"><path d=\"M24 0v24H0V0zM12.593 23.258l-.011.002-.071.035-.02.004-.014-.004-.071-.035c-.01-.004-.019-.001-.024.005l-.004.01-.017.428.005.02.01.013.104.074.015.004.012-.004.104-.074.012-.016.004-.017-.017-.427c-.002-.01-.009-.017-.017-.018m.265-.113-.013.002-.185.093-.01.01-.003.011.018.43.005.012.008.007.201.093c.012.004.023 0 .029-.008l.004-.014-.034-.614c-.003-.012-.01-.02-.02-.022m-.715.002a.023.023 0 0 0-.027.006l-.006.014-.034.614c0 .012.007.02.017.024l.015-.002.201-.093.01-.008.004-.011.017-.43-.003-.012-.01-.01z\"><\/path><path fill=\"#000000FF\" d=\"M15 2c.683 0 1.287.343 1.647.866l.085.134H18a2 2 0 0 1 1.995 1.85L20 5v12a5 5 0 0 1-4.783 4.995L15 22H6a2 2 0 0 1-1.995-1.85L4 20V5a2 2 0 0 1 1.85-1.995L6 3h1.268a2 2 0 0 1 1.563-.993L9 2zM7 5H6v15h9a3 3 0 0 0 3-3V5h-1a2 2 0 0 1-2 2H9a2 2 0 0 1-2-2m5 9a1 1 0 0 1 .117 1.993L12 16H9a1 1 0 0 1-.117-1.993L9 14zm3-4a1 1 0 1 1 0 2H9a1 1 0 1 1 0-2zm0-6H9v1h6z\"><\/path><\/g><\/svg><\/div><\/div>\n\n\n\n<div class=\"wp-block-group is-layout-flow wp-block-group-is-layout-flow\">\n<h3 class=\"wp-block-heading has-base-font-size\">Streaming L\u00f6sungen<\/h3>\n\n\n\n<p class=\"has-tiny-font-size\">Seit 2018 ist unsere <strong>18+ App<\/strong> bei f\u00fchrenden Netzbetreibern verf\u00fcgbar. Sie ist auf vielen Plattformen die exklusive Quelle f\u00fcr Adult Content und bietet Tausende kuratierte Titel von zertifizierten Content-Partnern. Unsere Compliance-Standards und Pr\u00fcfprozesse setzen Ma\u00dfst\u00e4be in der Branche.<\/p>\n<\/div>\n<\/div>\n<\/div>\n\n\n\n<div class=\"wp-block-group is-vertical is-layout-flex wp-container-core-group-is-layout-9ec666ef wp-block-group-is-layout-flex\" style=\"padding-top:var(--wp--preset--spacing--tiny);padding-right:var(--wp--preset--spacing--tiny);padding-bottom:var(--wp--preset--spacing--tiny);padding-left:var(--wp--preset--spacing--tiny)\"  data-anim-action=\"fadeInUp\" data-anim-event=\"onScroll\" data-anim-triggered=\"false\" data-anim-from=\"opacity: 0; transform: translateY(100px);\" data-anim-to=\"opacity: 1; transform: translateY(0px);\" data-anim-id=\"anim-69f2533435dc3\" data-anim-start=\"70%\" data-anim-reverse=\"true\">\n<div class=\"wp-block-group is-vertical is-layout-flex wp-container-core-group-is-layout-fe9cc265 wp-block-group-is-layout-flex\">\n<div class=\"wp-block-outermost-icon-block\"><div class=\"icon-container\" style=\"width:48px;transform:rotate(0deg) scaleX(1) scaleY(1)\"><svg xmlns=\"http:\/\/www.w3.org\/2000\/svg\" width=\"24\" height=\"24\" viewBox=\"0 0 24 24\"><g fill=\"none\"><path d=\"M24 0v24H0V0zM12.593 23.258l-.011.002-.071.035-.02.004-.014-.004-.071-.035c-.01-.004-.019-.001-.024.005l-.004.01-.017.428.005.02.01.013.104.074.015.004.012-.004.104-.074.012-.016.004-.017-.017-.427c-.002-.01-.009-.017-.017-.018m.265-.113-.013.002-.185.093-.01.01-.003.011.018.43.005.012.008.007.201.093c.012.004.023 0 .029-.008l.004-.014-.034-.614c-.003-.012-.01-.02-.02-.022m-.715.002a.023.023 0 0 0-.027.006l-.006.014-.034.614c0 .012.007.02.017.024l.015-.002.201-.093.01-.008.004-.011.017-.43-.003-.012-.01-.01z\"><\/path><path fill=\"#000000FF\" d=\"m12.702 2.195 7 2.625A2 2 0 0 1 21 6.693v5.363a9 9 0 0 1-4.975 8.05l-3.354 1.677a1.5 1.5 0 0 1-1.342 0l-3.354-1.677A9 9 0 0 1 3 12.056V6.693A2 2 0 0 1 4.298 4.82l7-2.625a2 2 0 0 1 1.404 0M12 4.068 5 6.693v5.363a7 7 0 0 0 3.87 6.26L12 19.883l3.13-1.565A7 7 0 0 0 19 12.056V6.693zM12 8a2 2 0 0 1 1.134 3.648l-.134.085V15a1 1 0 0 1-1.993.117L11 15v-3.267A2 2 0 0 1 12 8\"><\/path><\/g><\/svg><\/div><\/div>\n\n\n\n<div class=\"wp-block-group is-layout-flow wp-block-group-is-layout-flow\">\n<h2 class=\"wp-block-heading has-base-font-size\">Tailored Technology<\/h2>\n\n\n\n<p class=\"has-tiny-font-size\">Unsere firmeneigene 18+ App-Technologie sichert die vollst\u00e4ndige Kontrolle \u00fcber Inhalte und Nutzererfahrung, mit internem Hosting aller Elemente. Wir integrieren gesetzeskonforme Jugendschutzsysteme und unterst\u00fctzen unsere Pay-TV-Partner bei End-to-End-Prozessen: Abrechnung, Produktkonfiguration, Preisgestaltung, Platzierung und Werbung.<\/p>\n<\/div>\n<\/div>\n<\/div>\n<\/div>\n<\/div>\n\n\n\n<div class=\"wp-block-group alignwide vidibg is-vertical is-content-justification-stretch is-layout-flex wp-container-core-group-is-layout-46f4a153 wp-block-group-is-layout-flex\" style=\"padding-top:var(--wp--preset--spacing--large);padding-bottom:var(--wp--preset--spacing--x-large)\"  data-anim-action=\"fadeInUp\" data-anim-event=\"onScroll\" data-anim-triggered=\"false\" data-anim-from=\"opacity: 0; transform: translateY(100px);\" data-anim-to=\"opacity: 1; transform: translateY(0px);\" data-anim-id=\"anim-69f253343602e\" data-anim-start=\"100%\" data-anim-reverse=\"true\">\n<div class=\"wp-block-group has-global-padding is-content-justification-left is-layout-constrained wp-container-core-group-is-layout-7042ec6a wp-block-group-is-layout-constrained\"  data-anim-action=\"fadeOutUp\" data-anim-event=\"onScroll\" data-anim-triggered=\"false\" data-anim-from=\"opacity: 1; transform: translateY(0px);\" data-anim-to=\"opacity: 0; transform: translateY(-100px);\" data-anim-id=\"anim-69f2533435ff0\" data-anim-start=\"0%\" data-anim-reverse=\"true\">\n<div class=\"wp-block-group is-vertical is-layout-flex wp-container-core-group-is-layout-fe9cc265 wp-block-group-is-layout-flex\">\n<p class=\"has-primary-color has-text-color has-link-color has-poppins-semibold-font-family wp-elements-04fa0abc94ac4d907a7fa2a1f104ad76\">Unsere Strategie<\/p>\n\n\n\n<h2 class=\"wp-block-heading has-x-large-font-size\" style=\"line-height:1.2\">Bei <strong>Vidinext<\/strong> greifen unsere Gesch\u00e4ftsbereiche ineinander und verst\u00e4rken sich gegenseitig:<\/h2>\n<\/div>\n\n\n\n<div class=\"wp-block-group is-vertical is-layout-flex wp-container-core-group-is-layout-7b9189e0 wp-block-group-is-layout-flex\" style=\"padding-top:0;padding-right:0;padding-bottom:0;padding-left:0\">\n<ul class=\"wp-block-list\">\n<li><mark style=\"background-color:#f5f5f5b3;color:#1c1c1c\" class=\"has-inline-color\">Wir bleiben der bevorzugte Partner f\u00fcr Pay-TV-Anbieter bei linearen, Catch-up- und App-Diensten.<\/mark><\/li>\n\n\n\n<li><mark style=\"background-color:#f5f5f5b3;color:#1c1c1c\" class=\"has-inline-color\">Wir lizenzieren Qualit\u00e4tsinhalte, die h\u00f6chsten ethischen Standards entsprechen.<\/mark><\/li>\n\n\n\n<li><mark style=\"background-color:#f5f5f5b3;color:#1c1c1c\" class=\"has-inline-color\">Wir entwickeln zukunftssichere Technologie.<\/mark><\/li>\n\n\n\n<li><mark style=\"background-color:#f5f5f5b3;color:#1c1c1c\" class=\"has-inline-color\">Wir investieren in Projekte, die wir mit Erfahrung und Kapital st\u00e4rken.<\/mark><\/li>\n<\/ul>\n<\/div>\n<\/div>\n<\/div>\n","protected":false},"excerpt":{"rendered":"<p>Beitragstitel Die Vidinext AG ist ein internationales b\u00f6rsennotiertes Medienunternehmen. Wir sind spezialisiert auf gebrandete OTT-On-Demand-Plattformen, Broadcast-TV-Kan\u00e4le, Filmlizenzen und Audiotex-Services. Zu unseren Kunden z\u00e4hlen die gr\u00f6\u00dften Pay-TV-Anbieter weltweit. Neben unseren Kerngesch\u00e4ften investieren wir in Projekte, in die wir unsere Erfahrung und unser Kapital einbringen, um nachhaltigen Mehrwert zu schaffen. Premium-Inhalte, Plattformen &amp; Technologie Premium Kan\u00e4le Vidinext [&hellip;]<\/p>\n","protected":false},"author":2,"featured_media":0,"parent":0,"menu_order":0,"comment_status":"closed","ping_status":"closed","template":"","meta":{"greyd_block_editor_preview":[],"footnotes":""},"class_list":["post-667","page","type-page","status-publish","hentry"],"lang":"de","translations":{"de":667,"en":323},"pll_sync_post":[],"_links":{"self":[{"href":"https:\/\/project.greydsuite.de\/vidinext\/wp-json\/wp\/v2\/pages\/667","targetHints":{"allow":["GET"]}}],"collection":[{"href":"https:\/\/project.greydsuite.de\/vidinext\/wp-json\/wp\/v2\/pages"}],"about":[{"href":"https:\/\/project.greydsuite.de\/vidinext\/wp-json\/wp\/v2\/types\/page"}],"author":[{"embeddable":true,"href":"https:\/\/project.greydsuite.de\/vidinext\/wp-json\/wp\/v2\/users\/2"}],"replies":[{"embeddable":true,"href":"https:\/\/project.greydsuite.de\/vidinext\/wp-json\/wp\/v2\/comments?post=667"}],"version-history":[{"count":3,"href":"https:\/\/project.greydsuite.de\/vidinext\/wp-json\/wp\/v2\/pages\/667\/revisions"}],"predecessor-version":[{"id":760,"href":"https:\/\/project.greydsuite.de\/vidinext\/wp-json\/wp\/v2\/pages\/667\/revisions\/760"}],"wp:attachment":[{"href":"https:\/\/project.greydsuite.de\/vidinext\/wp-json\/wp\/v2\/media?parent=667"}],"curies":[{"name":"wp","href":"https:\/\/api.w.org\/{rel}","templated":true}]}}